{"id":1465,"date":"2018-05-11T10:02:30","date_gmt":"2018-05-11T08:02:30","guid":{"rendered":"http:\/\/esenkonatural.com\/?page_id=1465"},"modified":"2018-09-27T19:41:41","modified_gmt":"2018-09-27T17:41:41","slug":"sobre-mi","status":"publish","type":"page","link":"https:\/\/esenkonatural.com\/?page_id=1465","title":{"rendered":"Sobre m\u00ed"},"content":{"rendered":"\n<!-- wpsso schema image for pinterest pin it button -->\n<div class=\"wpsso-schema-image-for-pinterest\" style=\"display:none;\">\n<img src=\"https:\/\/esenkonatural.com\/wp-content\/uploads\/2018\/05\/Kontxi02.jpg\" width=\"0\" height=\"0\" style=\"width:0;height:0;\" data-pin-description=\"Siempre me sent&iacute; muy atra&iacute;da por los olores. Los aromas nos transportan a momentos ya vividos o nos hacen viajar a lugares indescriptibles. Movida por ese inter&eacute;s, me adentr&eacute; en el fascinante mundo de los aceites esenciales y m&aacute;s tarde lo apliqu&eacute;...\" alt=\"\"\/>\n<\/div><!-- .wpsso-schema-image-for-pinterest -->\n\n<p>Siempre me sent\u00ed muy atra\u00edda por los olores. Los aromas nos transportan a momentos ya vividos o nos hacen viajar a lugares indescriptibles. Movida por ese inter\u00e9s, me adentr\u00e9 en el fascinante mundo de los aceites esenciales y m\u00e1s tarde lo apliqu\u00e9 a la Cosm\u00e9tica Natural.<\/p>\n<p>Disfruto con la belleza de lo sencillo y sobre todo, valoro las cosas tratadas con cari\u00f1o. Es una m\u00e1xima que no suele fallar a la hora de formular cualquier elaboraci\u00f3n. Si tuviera que explicar c\u00f3mo se logra el perfecto equilibrio en una crema por ejemplo, en cuanto a textura, hidrataci\u00f3n, confort y aroma, dir\u00eda que: <em>\u201cPoni\u00e9ndome en la piel del otro y teniendo el m\u00e1ximo respeto por sus sentidos\u201d.\u00a0 \u00a0<\/em>Mi ayuda: Materias primas 100% naturales y de la mejor calidad.<\/p>\n<blockquote><p>Tener un aspecto cuidado nos hace sentir mejor; el olfato capta los olores que desprende nuestro cuerpo y la vista aprecia el lustre de nuestra piel y cabello.<\/p><\/blockquote>\n<p>Aprovechando las cualidades de las materias primas\u00a0 naturales como las arcillas, la sal, los hidrolatos, las mantecas y aceites vegetales, los maravillosos aceites esenciales\u2026 se pueden crear jabones, cremas y lociones que nutren y acarician la piel, perfumes deliciosos y remedios extraordinarios capaces de colarse en tus rutinas, en tus regalos, y mejorar tu d\u00eda a d\u00eda.<\/p>\n<blockquote><p>Usar cosm\u00e9tica fresca con ingredientes naturales de la mejor calidad y adem\u00e1s personalizada, es un privilegio del que te puedes llegar a enamorar.<\/p><\/blockquote>\n<p>Bienvenido, bienvenida y gracias por tu visita.<\/p>\n<p>Kontxi Romero<\/p>\n","protected":false},"excerpt":{"rendered":"<p>Siempre me sent\u00ed muy atra\u00edda por los olores. Los aromas nos transportan a momentos ya vividos o nos&hellip;<\/p>\n","protected":false},"author":1,"featured_media":1459,"parent":0,"menu_order":0,"comment_status":"closed","ping_status":"closed","template":"","meta":[],"_links":{"self":[{"href":"https:\/\/esenkonatural.com\/index.php?rest_route=\/wp\/v2\/pages\/1465"}],"collection":[{"href":"https:\/\/esenkonatural.com\/index.php?rest_route=\/wp\/v2\/pages"}],"about":[{"href":"https:\/\/esenkonatural.com\/index.php?rest_route=\/wp\/v2\/types\/page"}],"author":[{"embeddable":true,"href":"https:\/\/esenkonatural.com\/index.php?rest_route=\/wp\/v2\/users\/1"}],"replies":[{"embeddable":true,"href":"https:\/\/esenkonatural.com\/index.php?rest_route=%2Fwp%2Fv2%2Fcomments&post=1465"}],"version-history":[{"count":5,"href":"https:\/\/esenkonatural.com\/index.php?rest_route=\/wp\/v2\/pages\/1465\/revisions"}],"predecessor-version":[{"id":1906,"href":"https:\/\/esenkonatural.com\/index.php?rest_route=\/wp\/v2\/pages\/1465\/revisions\/1906"}],"wp:featuredmedia":[{"embeddable":true,"href":"https:\/\/esenkonatural.com\/index.php?rest_route=\/wp\/v2\/media\/1459"}],"wp:attachment":[{"href":"https:\/\/esenkonatural.com\/index.php?rest_route=%2Fwp%2Fv2%2Fmedia&parent=1465"}],"curies":[{"name":"wp","href":"https:\/\/api.w.org\/{rel}","templated":true}]}}